{"id":24,"date":"2013-08-05T20:53:49","date_gmt":"2013-08-05T20:53:49","guid":{"rendered":"http:\/\/accmagazine.com.ar\/?page_id=24"},"modified":"2020-01-31T12:43:31","modified_gmt":"2020-01-31T15:43:31","slug":"somos","status":"publish","type":"page","link":"https:\/\/accmagazine.com.ar\/de\/somos\/","title":{"rendered":"\u00faber ACC"},"content":{"rendered":"<p>Wir sind eine kleine Anfangsgruppe aus Salta, Jujuy und Buenos Aires (Argentinien), USA. und Deutschland, dass wir mit einer \u00e4hnlichen Vision in Bezug auf die Notwendigkeit, die Bewusstseinsstufe in jedem Einzelnen zu erh\u00f6hen, diese Aufgabe \u00fcbernommen haben, n\u00e4mlich ACC MAGAZINE (MR) zu bauen.<\/p>\n<p>Wir alle haben an dem einen oder anderen Ort mit verschiedenen Schulen und Lehrern begonnen, nach dem Weg zu suchen, und glauben, dass alle Anstrengungen, die durch die Synchronisation von K\u00f6rper, Herz und Geist unternommen werden, n\u00fctzlich sein werden, um uns selbst und unsere eigenen Kr\u00e4fte zu st\u00e4rken andere, die es brauchen oder wollen &#8211; der bewusste Wille, in diesem Prozess voranzukommen.<\/p>\n<p>Wir glauben, dass auf der Grundlage der Interaktion und Beteiligung aller, die dies durch dieses MAGAZIN k\u00f6nnen und wollen, ein Referenzkern aufgebaut wird, um klassifiziertes und qualifiziertes Material zu den Themen der Bewusstseinserweiterung zu sammeln.<\/p>\n\n\n\n\n<p><\/p>","protected":false},"excerpt":{"rendered":"<p>Wir sind eine kleine Anfangsgruppe aus Salta, Jujuy und Buenos Aires (Argentinien), USA. und Deutschland, dass wir mit einer \u00e4hnlichen Vision in Bezug auf die Notwendigkeit, die Bewusstseinsstufe in jedem Einzelnen zu erh\u00f6hen, diese Aufgabe \u00fcbernommen haben, n\u00e4mlich ACC MAGAZINE (MR) zu bauen. Wir alle haben an dem einen oder anderen Ort mit verschiedenen Schulen [&hellip;]<\/p>\n","protected":false},"author":1,"featured_media":0,"parent":0,"menu_order":0,"comment_status":"closed","ping_status":"closed","template":"","meta":{"footnotes":""},"class_list":["post-24","page","type-page","status-publish","hentry"],"yoast_head":"<!-- This site is optimized with the Yoast SEO plugin v27.5 - https:\/\/yoast.com\/product\/yoast-seo-wordpress\/ -->\n<title>SomosAbout Us\u00faber ACC &#8212; Arte Ciencia y Conciencia<\/title>\n<meta name=\"robots\" content=\"index, follow, max-snippet:-1, max-image-preview:large, max-video-preview:-1\" \/>\n<link rel=\"canonical\" href=\"https:\/\/accmagazine.com.ar\/somos\/\" \/>\n<meta property=\"og:locale\" content=\"de_DE\" \/>\n<meta property=\"og:type\" content=\"article\" \/>\n<meta property=\"og:title\" content=\"SomosAbout Us\u00faber ACC &#8212; Arte Ciencia y Conciencia\" \/>\n<meta property=\"og:description\" content=\"Wir sind eine kleine Anfangsgruppe aus Salta, Jujuy und Buenos Aires (Argentinien), USA. und Deutschland, dass wir mit einer \u00e4hnlichen Vision in Bezug auf die Notwendigkeit, die Bewusstseinsstufe in jedem Einzelnen zu erh\u00f6hen, diese Aufgabe \u00fcbernommen haben, n\u00e4mlich ACC MAGAZINE (MR) zu bauen. Wir alle haben an dem einen oder anderen Ort mit verschiedenen Schulen [&hellip;]\" \/>\n<meta property=\"og:url\" content=\"https:\/\/accmagazine.com.ar\/somos\/\" \/>\n<meta property=\"og:site_name\" content=\"Arte Ciencia y Conciencia\" \/>\n<meta property=\"article:publisher\" content=\"https:\/\/www.facebook.com\/accporrazjeed\" \/>\n<meta property=\"article:modified_time\" content=\"2020-01-31T15:43:31+00:00\" \/>\n<meta name=\"twitter:card\" content=\"summary_large_image\" \/>\n<meta name=\"twitter:label1\" content=\"Gesch\u00e4tzte Lesezeit\" \/>\n\t<meta name=\"twitter:data1\" content=\"2\u00a0Minuten\" \/>\n<script type=\"application\/ld+json\" class=\"yoast-schema-graph\">{\"@context\":\"https:\\\/\\\/schema.org\",\"@graph\":[{\"@type\":\"WebPage\",\"@id\":\"https:\\\/\\\/accmagazine.com.ar\\\/somos\\\/\",\"url\":\"https:\\\/\\\/accmagazine.com.ar\\\/somos\\\/\",\"name\":\"SomosAbout Us\u00faber ACC &#8212; Arte Ciencia y Conciencia\",\"isPartOf\":{\"@id\":\"https:\\\/\\\/accmagazine.com.ar\\\/en\\\/#website\"},\"datePublished\":\"2013-08-05T20:53:49+00:00\",\"dateModified\":\"2020-01-31T15:43:31+00:00\",\"breadcrumb\":{\"@id\":\"https:\\\/\\\/accmagazine.com.ar\\\/somos\\\/#breadcrumb\"},\"inLanguage\":\"de\",\"potentialAction\":[{\"@type\":\"ReadAction\",\"target\":[\"https:\\\/\\\/accmagazine.com.ar\\\/somos\\\/\"]}]},{\"@type\":\"BreadcrumbList\",\"@id\":\"https:\\\/\\\/accmagazine.com.ar\\\/somos\\\/#breadcrumb\",\"itemListElement\":[{\"@type\":\"ListItem\",\"position\":1,\"name\":\"Portada\",\"item\":\"https:\\\/\\\/accmagazine.com.ar\\\/\"},{\"@type\":\"ListItem\",\"position\":2,\"name\":\"Somos\"}]},{\"@type\":\"WebSite\",\"@id\":\"https:\\\/\\\/accmagazine.com.ar\\\/en\\\/#website\",\"url\":\"https:\\\/\\\/accmagazine.com.ar\\\/en\\\/\",\"name\":\"Arte Ciencia y Conciencia\",\"description\":\"\",\"publisher\":{\"@id\":\"https:\\\/\\\/accmagazine.com.ar\\\/en\\\/#organization\"},\"potentialAction\":[{\"@type\":\"SearchAction\",\"target\":{\"@type\":\"EntryPoint\",\"urlTemplate\":\"https:\\\/\\\/accmagazine.com.ar\\\/en\\\/?s={search_term_string}\"},\"query-input\":{\"@type\":\"PropertyValueSpecification\",\"valueRequired\":true,\"valueName\":\"search_term_string\"}}],\"inLanguage\":\"de\"},{\"@type\":\"Organization\",\"@id\":\"https:\\\/\\\/accmagazine.com.ar\\\/en\\\/#organization\",\"name\":\"ACC by Razjeed\",\"url\":\"https:\\\/\\\/accmagazine.com.ar\\\/en\\\/\",\"logo\":{\"@type\":\"ImageObject\",\"inLanguage\":\"de\",\"@id\":\"https:\\\/\\\/accmagazine.com.ar\\\/en\\\/#\\\/schema\\\/logo\\\/image\\\/\",\"url\":\"http:\\\/\\\/accmagazine.com.ar\\\/wp-content\\\/uploads\\\/2020\\\/02\\\/accrazjeed001.png\",\"contentUrl\":\"http:\\\/\\\/accmagazine.com.ar\\\/wp-content\\\/uploads\\\/2020\\\/02\\\/accrazjeed001.png\",\"width\":900,\"height\":555,\"caption\":\"ACC by Razjeed\"},\"image\":{\"@id\":\"https:\\\/\\\/accmagazine.com.ar\\\/en\\\/#\\\/schema\\\/logo\\\/image\\\/\"},\"sameAs\":[\"https:\\\/\\\/www.facebook.com\\\/accporrazjeed\",\"https:\\\/\\\/www.instagram.com\\\/accmag2020\\\/\"]}]}<\/script>\n<!-- \/ Yoast SEO plugin. -->","yoast_head_json":{"title":"SomosAbout Us\u00faber ACC &#8212; Arte Ciencia y Conciencia","robots":{"index":"index","follow":"follow","max-snippet":"max-snippet:-1","max-image-preview":"max-image-preview:large","max-video-preview":"max-video-preview:-1"},"canonical":"https:\/\/accmagazine.com.ar\/somos\/","og_locale":"de_DE","og_type":"article","og_title":"SomosAbout Us\u00faber ACC &#8212; Arte Ciencia y Conciencia","og_description":"Wir sind eine kleine Anfangsgruppe aus Salta, Jujuy und Buenos Aires (Argentinien), USA. und Deutschland, dass wir mit einer \u00e4hnlichen Vision in Bezug auf die Notwendigkeit, die Bewusstseinsstufe in jedem Einzelnen zu erh\u00f6hen, diese Aufgabe \u00fcbernommen haben, n\u00e4mlich ACC MAGAZINE (MR) zu bauen. Wir alle haben an dem einen oder anderen Ort mit verschiedenen Schulen [&hellip;]","og_url":"https:\/\/accmagazine.com.ar\/somos\/","og_site_name":"Arte Ciencia y Conciencia","article_publisher":"https:\/\/www.facebook.com\/accporrazjeed","article_modified_time":"2020-01-31T15:43:31+00:00","twitter_card":"summary_large_image","twitter_misc":{"Gesch\u00e4tzte Lesezeit":"2\u00a0Minuten"},"schema":{"@context":"https:\/\/schema.org","@graph":[{"@type":"WebPage","@id":"https:\/\/accmagazine.com.ar\/somos\/","url":"https:\/\/accmagazine.com.ar\/somos\/","name":"SomosAbout Us\u00faber ACC &#8212; Arte Ciencia y Conciencia","isPartOf":{"@id":"https:\/\/accmagazine.com.ar\/en\/#website"},"datePublished":"2013-08-05T20:53:49+00:00","dateModified":"2020-01-31T15:43:31+00:00","breadcrumb":{"@id":"https:\/\/accmagazine.com.ar\/somos\/#breadcrumb"},"inLanguage":"de","potentialAction":[{"@type":"ReadAction","target":["https:\/\/accmagazine.com.ar\/somos\/"]}]},{"@type":"BreadcrumbList","@id":"https:\/\/accmagazine.com.ar\/somos\/#breadcrumb","itemListElement":[{"@type":"ListItem","position":1,"name":"Portada","item":"https:\/\/accmagazine.com.ar\/"},{"@type":"ListItem","position":2,"name":"Somos"}]},{"@type":"WebSite","@id":"https:\/\/accmagazine.com.ar\/en\/#website","url":"https:\/\/accmagazine.com.ar\/en\/","name":"Arte Ciencia y Conciencia","description":"","publisher":{"@id":"https:\/\/accmagazine.com.ar\/en\/#organization"},"potentialAction":[{"@type":"SearchAction","target":{"@type":"EntryPoint","urlTemplate":"https:\/\/accmagazine.com.ar\/en\/?s={search_term_string}"},"query-input":{"@type":"PropertyValueSpecification","valueRequired":true,"valueName":"search_term_string"}}],"inLanguage":"de"},{"@type":"Organization","@id":"https:\/\/accmagazine.com.ar\/en\/#organization","name":"ACC by Razjeed","url":"https:\/\/accmagazine.com.ar\/en\/","logo":{"@type":"ImageObject","inLanguage":"de","@id":"https:\/\/accmagazine.com.ar\/en\/#\/schema\/logo\/image\/","url":"http:\/\/accmagazine.com.ar\/wp-content\/uploads\/2020\/02\/accrazjeed001.png","contentUrl":"http:\/\/accmagazine.com.ar\/wp-content\/uploads\/2020\/02\/accrazjeed001.png","width":900,"height":555,"caption":"ACC by Razjeed"},"image":{"@id":"https:\/\/accmagazine.com.ar\/en\/#\/schema\/logo\/image\/"},"sameAs":["https:\/\/www.facebook.com\/accporrazjeed","https:\/\/www.instagram.com\/accmag2020\/"]}]}},"jetpack_sharing_enabled":true,"_links":{"self":[{"href":"https:\/\/accmagazine.com.ar\/de\/wp-json\/wp\/v2\/pages\/24","targetHints":{"allow":["GET"]}}],"collection":[{"href":"https:\/\/accmagazine.com.ar\/de\/wp-json\/wp\/v2\/pages"}],"about":[{"href":"https:\/\/accmagazine.com.ar\/de\/wp-json\/wp\/v2\/types\/page"}],"author":[{"embeddable":true,"href":"https:\/\/accmagazine.com.ar\/de\/wp-json\/wp\/v2\/users\/1"}],"replies":[{"embeddable":true,"href":"https:\/\/accmagazine.com.ar\/de\/wp-json\/wp\/v2\/comments?post=24"}],"version-history":[{"count":21,"href":"https:\/\/accmagazine.com.ar\/de\/wp-json\/wp\/v2\/pages\/24\/revisions"}],"predecessor-version":[{"id":3286,"href":"https:\/\/accmagazine.com.ar\/de\/wp-json\/wp\/v2\/pages\/24\/revisions\/3286"}],"wp:attachment":[{"href":"https:\/\/accmagazine.com.ar\/de\/wp-json\/wp\/v2\/media?parent=24"}],"curies":[{"name":"wp","href":"https:\/\/api.w.org\/{rel}","templated":true}]}}