{"id":22,"date":"2013-08-05T20:52:26","date_gmt":"2013-08-05T23:52:26","guid":{"rendered":"http:\/\/accmagazine.com.ar\/?page_id=22"},"modified":"2020-01-31T15:05:22","modified_gmt":"2020-01-31T18:05:22","slug":"hacemos","status":"publish","type":"page","link":"https:\/\/accmagazine.com.ar\/de\/hacemos\/","title":{"rendered":"Vision"},"content":{"rendered":"ACC ist ein integrativer Vorschlag, bei dem wir unser loyalstes Wissen und Verst\u00e4ndnis sammeln und analysieren, um so umfassend wie m\u00f6glich zu sein, und das gesamte Material, das sich auf die Bewusstseinserweiterung bezieht. Wir k\u00f6nnten andere Begriffe wie Spiritualit\u00e4t oder Erleuchtung oder so viele andere verwenden, aber wir bevorzugen den Begriff der ERWEITERUNG DES BEWUSSTSEINS, weil er am umfassendsten zu sein scheint. Das Material, das wir vorschlagen, enth\u00e4lt B\u00fccher, Filme, Musik und alle Arten von Arbeiten zu diesem Thema, die nach dem Lesen oder Zuh\u00f6ren analysiert und ver\u00f6ffentlicht werden, begleitet von einer kleinen Synthese, so dass es dem Benutzer von MAGAZINE ACC dienen kann Orientieren Sie sich an Ihrer Suche oder verwenden Sie einfach die Zufallsfunktion, um den f\u00fcr Sie m\u00f6glicherweise n\u00fctzlichen Sachverhalt zu suchen oder zu finden. Wir vertrauen darauf, dass im Laufe der Zeit andere Wesen teilnehmen, sich an das Material halten, es kommentieren oder es ver\u00f6ffentlichen werden. Die Idee ist, (in zwei spanischen und englischen Sprachen) die beste und gr\u00f6\u00dfte Vielfalt von Typologien zusammenzustellen, die kaulisch-quantitativ wertvoll sind. Wir hoffen, in einem Jahrtausend einen ersten Schritt getan zu haben, aber mit einem anderen Format, das in der Weite des Internetraums n\u00fctzlich sein kann.\n\n\n\n<p><\/p>","protected":false},"excerpt":{"rendered":"<p>ACC ist ein integrativer Vorschlag, bei dem wir unser loyalstes Wissen und Verst\u00e4ndnis sammeln und analysieren, um so umfassend wie m\u00f6glich zu sein, und das gesamte Material, das sich auf die Bewusstseinserweiterung bezieht. Wir k\u00f6nnten andere Begriffe wie Spiritualit\u00e4t oder Erleuchtung oder so viele andere verwenden, aber wir bevorzugen den Begriff der ERWEITERUNG DES BEWUSSTSEINS, [&hellip;]<\/p>\n","protected":false},"author":1,"featured_media":0,"parent":0,"menu_order":0,"comment_status":"closed","ping_status":"closed","template":"","meta":{"footnotes":""},"class_list":["post-22","page","type-page","status-publish","hentry"],"yoast_head":"<!-- This site is optimized with the Yoast SEO plugin v27.5 - https:\/\/yoast.com\/product\/yoast-seo-wordpress\/ -->\n<title>Vision &#8212; Arte Ciencia y Conciencia<\/title>\n<meta name=\"robots\" content=\"index, follow, max-snippet:-1, max-image-preview:large, max-video-preview:-1\" \/>\n<link rel=\"canonical\" href=\"https:\/\/accmagazine.com.ar\/hacemos\/\" \/>\n<meta property=\"og:locale\" content=\"de_DE\" \/>\n<meta property=\"og:type\" content=\"article\" \/>\n<meta property=\"og:title\" content=\"[:es]Hacemos[:en]Our Purpose[:de]Vision[:] &#8212; Arte Ciencia y Conciencia\" \/>\n<meta property=\"og:description\" content=\"ACC ist ein integrativer Vorschlag, bei dem wir unser loyalstes Wissen und Verst\u00e4ndnis sammeln und analysieren, um so umfassend wie m\u00f6glich zu sein, und das gesamte Material, das sich auf die Bewusstseinserweiterung bezieht. Wir k\u00f6nnten andere Begriffe wie Spiritualit\u00e4t oder Erleuchtung oder so viele andere verwenden, aber wir bevorzugen den Begriff der ERWEITERUNG DES BEWUSSTSEINS, [&hellip;]\" \/>\n<meta property=\"og:url\" content=\"https:\/\/accmagazine.com.ar\/hacemos\/\" \/>\n<meta property=\"og:site_name\" content=\"Arte Ciencia y Conciencia\" \/>\n<meta property=\"article:publisher\" content=\"https:\/\/www.facebook.com\/accporrazjeed\" \/>\n<meta property=\"article:modified_time\" content=\"2020-01-31T18:05:22+00:00\" \/>\n<meta name=\"twitter:card\" content=\"summary_large_image\" \/>\n<meta name=\"twitter:label1\" content=\"Gesch\u00e4tzte Lesezeit\" \/>\n\t<meta name=\"twitter:data1\" content=\"3\u00a0Minuten\" \/>\n<script type=\"application\/ld+json\" class=\"yoast-schema-graph\">{\"@context\":\"https:\\\/\\\/schema.org\",\"@graph\":[{\"@type\":\"WebPage\",\"@id\":\"https:\\\/\\\/accmagazine.com.ar\\\/hacemos\\\/\",\"url\":\"https:\\\/\\\/accmagazine.com.ar\\\/hacemos\\\/\",\"name\":\"[:es]Hacemos[:en]Our Purpose[:de]Vision[:] &#8212; Arte Ciencia y Conciencia\",\"isPartOf\":{\"@id\":\"https:\\\/\\\/accmagazine.com.ar\\\/en\\\/#website\"},\"datePublished\":\"2013-08-05T23:52:26+00:00\",\"dateModified\":\"2020-01-31T18:05:22+00:00\",\"breadcrumb\":{\"@id\":\"https:\\\/\\\/accmagazine.com.ar\\\/hacemos\\\/#breadcrumb\"},\"inLanguage\":\"de\",\"potentialAction\":[{\"@type\":\"ReadAction\",\"target\":[\"https:\\\/\\\/accmagazine.com.ar\\\/hacemos\\\/\"]}]},{\"@type\":\"BreadcrumbList\",\"@id\":\"https:\\\/\\\/accmagazine.com.ar\\\/hacemos\\\/#breadcrumb\",\"itemListElement\":[{\"@type\":\"ListItem\",\"position\":1,\"name\":\"Portada\",\"item\":\"https:\\\/\\\/accmagazine.com.ar\\\/\"},{\"@type\":\"ListItem\",\"position\":2,\"name\":\"Hacemos\"}]},{\"@type\":\"WebSite\",\"@id\":\"https:\\\/\\\/accmagazine.com.ar\\\/en\\\/#website\",\"url\":\"https:\\\/\\\/accmagazine.com.ar\\\/en\\\/\",\"name\":\"Arte Ciencia y Conciencia\",\"description\":\"\",\"publisher\":{\"@id\":\"https:\\\/\\\/accmagazine.com.ar\\\/en\\\/#organization\"},\"potentialAction\":[{\"@type\":\"SearchAction\",\"target\":{\"@type\":\"EntryPoint\",\"urlTemplate\":\"https:\\\/\\\/accmagazine.com.ar\\\/en\\\/?s={search_term_string}\"},\"query-input\":{\"@type\":\"PropertyValueSpecification\",\"valueRequired\":true,\"valueName\":\"search_term_string\"}}],\"inLanguage\":\"de\"},{\"@type\":\"Organization\",\"@id\":\"https:\\\/\\\/accmagazine.com.ar\\\/en\\\/#organization\",\"name\":\"ACC by Razjeed\",\"url\":\"https:\\\/\\\/accmagazine.com.ar\\\/en\\\/\",\"logo\":{\"@type\":\"ImageObject\",\"inLanguage\":\"de\",\"@id\":\"https:\\\/\\\/accmagazine.com.ar\\\/en\\\/#\\\/schema\\\/logo\\\/image\\\/\",\"url\":\"http:\\\/\\\/accmagazine.com.ar\\\/wp-content\\\/uploads\\\/2020\\\/02\\\/accrazjeed001.png\",\"contentUrl\":\"http:\\\/\\\/accmagazine.com.ar\\\/wp-content\\\/uploads\\\/2020\\\/02\\\/accrazjeed001.png\",\"width\":900,\"height\":555,\"caption\":\"ACC by Razjeed\"},\"image\":{\"@id\":\"https:\\\/\\\/accmagazine.com.ar\\\/en\\\/#\\\/schema\\\/logo\\\/image\\\/\"},\"sameAs\":[\"https:\\\/\\\/www.facebook.com\\\/accporrazjeed\",\"https:\\\/\\\/www.instagram.com\\\/accmag2020\\\/\"]}]}<\/script>\n<!-- \/ Yoast SEO plugin. -->","yoast_head_json":{"title":"[:es]Hacemos[:en]Our Purpose[:de]Vision[:] &#8212; Arte Ciencia y Conciencia","robots":{"index":"index","follow":"follow","max-snippet":"max-snippet:-1","max-image-preview":"max-image-preview:large","max-video-preview":"max-video-preview:-1"},"canonical":"https:\/\/accmagazine.com.ar\/hacemos\/","og_locale":"de_DE","og_type":"article","og_title":"[:es]Hacemos[:en]Our Purpose[:de]Vision[:] &#8212; Arte Ciencia y Conciencia","og_description":"ACC ist ein integrativer Vorschlag, bei dem wir unser loyalstes Wissen und Verst\u00e4ndnis sammeln und analysieren, um so umfassend wie m\u00f6glich zu sein, und das gesamte Material, das sich auf die Bewusstseinserweiterung bezieht. Wir k\u00f6nnten andere Begriffe wie Spiritualit\u00e4t oder Erleuchtung oder so viele andere verwenden, aber wir bevorzugen den Begriff der ERWEITERUNG DES BEWUSSTSEINS, [&hellip;]","og_url":"https:\/\/accmagazine.com.ar\/hacemos\/","og_site_name":"Arte Ciencia y Conciencia","article_publisher":"https:\/\/www.facebook.com\/accporrazjeed","article_modified_time":"2020-01-31T18:05:22+00:00","twitter_card":"summary_large_image","twitter_misc":{"Gesch\u00e4tzte Lesezeit":"3\u00a0Minuten"},"schema":{"@context":"https:\/\/schema.org","@graph":[{"@type":"WebPage","@id":"https:\/\/accmagazine.com.ar\/hacemos\/","url":"https:\/\/accmagazine.com.ar\/hacemos\/","name":"[:es]Hacemos[:en]Our Purpose[:de]Vision[:] &#8212; Arte Ciencia y Conciencia","isPartOf":{"@id":"https:\/\/accmagazine.com.ar\/en\/#website"},"datePublished":"2013-08-05T23:52:26+00:00","dateModified":"2020-01-31T18:05:22+00:00","breadcrumb":{"@id":"https:\/\/accmagazine.com.ar\/hacemos\/#breadcrumb"},"inLanguage":"de","potentialAction":[{"@type":"ReadAction","target":["https:\/\/accmagazine.com.ar\/hacemos\/"]}]},{"@type":"BreadcrumbList","@id":"https:\/\/accmagazine.com.ar\/hacemos\/#breadcrumb","itemListElement":[{"@type":"ListItem","position":1,"name":"Portada","item":"https:\/\/accmagazine.com.ar\/"},{"@type":"ListItem","position":2,"name":"Hacemos"}]},{"@type":"WebSite","@id":"https:\/\/accmagazine.com.ar\/en\/#website","url":"https:\/\/accmagazine.com.ar\/en\/","name":"Arte Ciencia y Conciencia","description":"","publisher":{"@id":"https:\/\/accmagazine.com.ar\/en\/#organization"},"potentialAction":[{"@type":"SearchAction","target":{"@type":"EntryPoint","urlTemplate":"https:\/\/accmagazine.com.ar\/en\/?s={search_term_string}"},"query-input":{"@type":"PropertyValueSpecification","valueRequired":true,"valueName":"search_term_string"}}],"inLanguage":"de"},{"@type":"Organization","@id":"https:\/\/accmagazine.com.ar\/en\/#organization","name":"ACC by Razjeed","url":"https:\/\/accmagazine.com.ar\/en\/","logo":{"@type":"ImageObject","inLanguage":"de","@id":"https:\/\/accmagazine.com.ar\/en\/#\/schema\/logo\/image\/","url":"http:\/\/accmagazine.com.ar\/wp-content\/uploads\/2020\/02\/accrazjeed001.png","contentUrl":"http:\/\/accmagazine.com.ar\/wp-content\/uploads\/2020\/02\/accrazjeed001.png","width":900,"height":555,"caption":"ACC by Razjeed"},"image":{"@id":"https:\/\/accmagazine.com.ar\/en\/#\/schema\/logo\/image\/"},"sameAs":["https:\/\/www.facebook.com\/accporrazjeed","https:\/\/www.instagram.com\/accmag2020\/"]}]}},"jetpack_sharing_enabled":true,"_links":{"self":[{"href":"https:\/\/accmagazine.com.ar\/de\/wp-json\/wp\/v2\/pages\/22","targetHints":{"allow":["GET"]}}],"collection":[{"href":"https:\/\/accmagazine.com.ar\/de\/wp-json\/wp\/v2\/pages"}],"about":[{"href":"https:\/\/accmagazine.com.ar\/de\/wp-json\/wp\/v2\/types\/page"}],"author":[{"embeddable":true,"href":"https:\/\/accmagazine.com.ar\/de\/wp-json\/wp\/v2\/users\/1"}],"replies":[{"embeddable":true,"href":"https:\/\/accmagazine.com.ar\/de\/wp-json\/wp\/v2\/comments?post=22"}],"version-history":[{"count":25,"href":"https:\/\/accmagazine.com.ar\/de\/wp-json\/wp\/v2\/pages\/22\/revisions"}],"predecessor-version":[{"id":3305,"href":"https:\/\/accmagazine.com.ar\/de\/wp-json\/wp\/v2\/pages\/22\/revisions\/3305"}],"wp:attachment":[{"href":"https:\/\/accmagazine.com.ar\/de\/wp-json\/wp\/v2\/media?parent=22"}],"curies":[{"name":"wp","href":"https:\/\/api.w.org\/{rel}","templated":true}]}}